{"id":33,"date":"2024-01-03T18:19:59","date_gmt":"2024-01-03T18:19:59","guid":{"rendered":"https:\/\/www.bachilleratopedroarrupesj.mx\/?page_id=33"},"modified":"2024-01-04T18:36:26","modified_gmt":"2024-01-04T18:36:26","slug":"modelo-educativo","status":"publish","type":"page","link":"https:\/\/bachilleratopedroarrupesj.mx\/index.php\/modelo-educativo\/","title":{"rendered":"Modelo educativo"},"content":{"rendered":"\t\t<div data-elementor-type=\"wp-page\" data-elementor-id=\"33\" class=\"elementor elementor-33\" data-elementor-settings=\"{&quot;ha_cmc_init_switcher&quot;:&quot;no&quot;}\" data-elementor-post-type=\"page\">\n\t\t\t\t<div class=\"elementor-element elementor-element-2890e4f e-con-full e-flex e-con e-parent\" data-id=\"2890e4f\" data-element_type=\"container\" data-e-type=\"container\" data-settings=\"{&quot;background_background&quot;:&quot;classic&quot;,&quot;_ha_eqh_enable&quot;:false}\">\n\t\t<div class=\"elementor-element elementor-element-2479dc4 e-flex e-con-boxed e-con e-child\" data-id=\"2479dc4\" data-element_type=\"container\" data-e-type=\"container\" data-settings=\"{&quot;_ha_eqh_enable&quot;:false}\">\n\t\t\t\t\t<div class=\"e-con-inner\">\n\t\t\t\t<div class=\"elementor-element elementor-element-288f1e4 elementor-widget elementor-widget-spacer\" data-id=\"288f1e4\" data-element_type=\"widget\" data-e-type=\"widget\" data-widget_type=\"spacer.default\">\n\t\t\t\t<div class=\"elementor-widget-container\">\n\t\t\t\t\t\t\t<div class=\"elementor-spacer\">\n\t\t\t<div class=\"elementor-spacer-inner\"><\/div>\n\t\t<\/div>\n\t\t\t\t\t\t<\/div>\n\t\t\t\t<\/div>\n\t\t\t\t<div class=\"elementor-element elementor-element-e7c5abd elementor-widget elementor-widget-heading\" data-id=\"e7c5abd\" data-element_type=\"widget\" data-e-type=\"widget\" data-widget_type=\"heading.default\">\n\t\t\t\t<div class=\"elementor-widget-container\">\n\t\t\t\t\t<h2 class=\"elementor-heading-title elementor-size-default\">Modelo Educativo :::<\/h2>\t\t\t\t<\/div>\n\t\t\t\t<\/div>\n\t\t\t\t<div class=\"elementor-element elementor-element-a069a8d elementor-widget elementor-widget-spacer\" data-id=\"a069a8d\" data-element_type=\"widget\" data-e-type=\"widget\" data-widget_type=\"spacer.default\">\n\t\t\t\t<div class=\"elementor-widget-container\">\n\t\t\t\t\t\t\t<div class=\"elementor-spacer\">\n\t\t\t<div class=\"elementor-spacer-inner\"><\/div>\n\t\t<\/div>\n\t\t\t\t\t\t<\/div>\n\t\t\t\t<\/div>\n\t\t\t\t\t<\/div>\n\t\t\t\t<\/div>\n\t\t\t\t<\/div>\n\t\t<div class=\"elementor-element elementor-element-ea9b882 e-flex e-con-boxed e-con e-parent\" data-id=\"ea9b882\" data-element_type=\"container\" data-e-type=\"container\" data-settings=\"{&quot;background_background&quot;:&quot;classic&quot;,&quot;_ha_eqh_enable&quot;:false}\">\n\t\t\t\t\t<div class=\"e-con-inner\">\n\t\t\t\t<div class=\"elementor-element elementor-element-5727e38 elementor-widget elementor-widget-spacer\" data-id=\"5727e38\" data-element_type=\"widget\" data-e-type=\"widget\" data-widget_type=\"spacer.default\">\n\t\t\t\t<div class=\"elementor-widget-container\">\n\t\t\t\t\t\t\t<div class=\"elementor-spacer\">\n\t\t\t<div class=\"elementor-spacer-inner\"><\/div>\n\t\t<\/div>\n\t\t\t\t\t\t<\/div>\n\t\t\t\t<\/div>\n\t\t\t\t<div class=\"elementor-element elementor-element-14f1340 elementor-widget elementor-widget-text-editor\" data-id=\"14f1340\" data-element_type=\"widget\" data-e-type=\"widget\" data-widget_type=\"text-editor.default\">\n\t\t\t\t<div class=\"elementor-widget-container\">\n\t\t\t\t\t\t\t\t\t<p>El Bachillerato Pedro Arrupe SJ, es una preparatoria privada accesible a j\u00f3venes en situaci\u00f3n de riesgo y limitantes econ\u00f3micas, que pretende ofrecer a quienes lo cursen, una educaci\u00f3n integral y la preparaci\u00f3n adecuada para asistir a la universidad.<\/p><p>Somos un colegio fundado que recibe el apoyo econ\u00f3mico de la Fundaci\u00f3n Dalton-Fundaci\u00f3n, que aporta los recursos necesarios, as\u00ed como del Instituto de Ciencias, que genera la preparaci\u00f3n acad\u00e9mica para lograr nuestra misi\u00f3n educativa.<\/p><p>Deseamos ofrecer una educaci\u00f3n con el modelo de la Preparatoria del Instituto de Ciencias, a trav\u00e9s de un programa de escolaridad e integraci\u00f3n al trabajo empresarial. Asegurando una educaci\u00f3n asequible, basada en la confianza, la cual da como resultado una preparaci\u00f3n de calidad.<\/p><p>La propuesta educativa del Bachillerato Pedro Arrupe SJ propone una estructura orientada a entender las necesidades del contexto actual de los j\u00f3venes e implementar estrategias pedag\u00f3gicas que ofrezcan a los alumnos elementos suficientes para desempe\u00f1arse en los \u00e1mbitos personales, acad\u00e9micos y profesionales.<\/p><p>El Bachillerato, al ser General, tiene la responsabilidad de proponer a sus alumnos un marco curricular que brinde formaci\u00f3n integral en \u00e1reas de conocimiento general, as\u00ed como disciplinar y a la vez considerar las aspiraciones y los intereses vocacionales de sus alumnos. De esta manera logra brindarles una adecuada formaci\u00f3n proped\u00e9utica que fortalezca sus conocimientos y habilidades para que de esta forma logren desarrollar las competencias necesarias para su ingreso a nivel de educaci\u00f3n superior y tener un buen desempe\u00f1o en \u00e9l.<\/p><p>El Mapa Curricular es el de Bachillerato General con Componente d eFormaci\u00f3n para el trabajo de Capacitaci\u00f3n e Inform\u00e1tica. El Bachillerato Pedro Arrupe SJ incorpora en su plan de estudios los principios b\u00e1sicos de la Reforma Integral de la Educaci\u00f3n Media Superior basado en el Marco Curricular Com\u00fan con el enfoque de desarrollo de competencias gen\u00e9ricas y disciplinares.<\/p><p>Estamos alineados a los planes y programas e estudio que propone la SEP a trav\u00e9s de la Direcci\u00f3n General de Bachilleratos (DGB). Nuestro horarios de clases es de 7:30 a 15:15 horas; a partir de las 15:30 horas, y hasta a las 17:00 horas, los alumnos permanecen en el colegio en talleres, asesor\u00edas de matem\u00e1ticas e ingl\u00e9s y realizando sus tareas.<\/p><p>El proyecto contempla un acompa\u00f1amiento integral al estilo de la herencia educativa de la Compa\u00f1\u00eda de Jes\u00fas de m\u00e1s de 450 a\u00f1os: acompa\u00f1amiento espiritual y psicol\u00f3gico; y especialmente en este bachillerato se promueve una alimentaci\u00f3n sana y balanceada como parte fundamental de nuestro proyecto formativo integral.<\/p>\t\t\t\t\t\t\t\t<\/div>\n\t\t\t\t<\/div>\n\t\t\t\t\t<\/div>\n\t\t\t\t<\/div>\n\t\t\t\t<\/div>\n\t\t","protected":false},"excerpt":{"rendered":"<p>Modelo Educativo ::: El Bachillerato Pedro Arrupe SJ, es una preparatoria privada accesible a j\u00f3venes en situaci\u00f3n de riesgo y limitantes econ\u00f3micas, que pretende ofrecer a quienes lo cursen, una educaci\u00f3n integral y la preparaci\u00f3n adecuada para asistir a la universidad. Somos un colegio fundado que recibe el apoyo econ\u00f3mico de la Fundaci\u00f3n Dalton-Fundaci\u00f3n, que [&hellip;]<\/p>\n","protected":false},"author":1,"featured_media":0,"parent":0,"menu_order":0,"comment_status":"closed","ping_status":"closed","template":"","meta":{"inline_featured_image":false,"footnotes":""},"class_list":["post-33","page","type-page","status-publish","hentry"],"_links":{"self":[{"href":"https:\/\/bachilleratopedroarrupesj.mx\/index.php\/wp-json\/wp\/v2\/pages\/33","targetHints":{"allow":["GET"]}}],"collection":[{"href":"https:\/\/bachilleratopedroarrupesj.mx\/index.php\/wp-json\/wp\/v2\/pages"}],"about":[{"href":"https:\/\/bachilleratopedroarrupesj.mx\/index.php\/wp-json\/wp\/v2\/types\/page"}],"author":[{"embeddable":true,"href":"https:\/\/bachilleratopedroarrupesj.mx\/index.php\/wp-json\/wp\/v2\/users\/1"}],"replies":[{"embeddable":true,"href":"https:\/\/bachilleratopedroarrupesj.mx\/index.php\/wp-json\/wp\/v2\/comments?post=33"}],"version-history":[{"count":10,"href":"https:\/\/bachilleratopedroarrupesj.mx\/index.php\/wp-json\/wp\/v2\/pages\/33\/revisions"}],"predecessor-version":[{"id":361,"href":"https:\/\/bachilleratopedroarrupesj.mx\/index.php\/wp-json\/wp\/v2\/pages\/33\/revisions\/361"}],"wp:attachment":[{"href":"https:\/\/bachilleratopedroarrupesj.mx\/index.php\/wp-json\/wp\/v2\/media?parent=33"}],"curies":[{"name":"wp","href":"https:\/\/api.w.org\/{rel}","templated":true}]}}